{"id":103,"date":"2023-12-14T12:08:03","date_gmt":"2023-12-14T11:08:03","guid":{"rendered":"https:\/\/www.vieuxhonfleur.fr\/?page_id=103"},"modified":"2024-03-13T11:51:29","modified_gmt":"2024-03-13T10:51:29","slug":"the-restaurant-destination-port-honfleur","status":"publish","type":"page","link":"https:\/\/www.vieuxhonfleur.fr\/en\/la-destination-restaurant-port-honfleur\/","title":{"rendered":"The Destination"},"content":{"rendered":"\t\t<div data-elementor-type=\"wp-page\" data-elementor-id=\"103\" class=\"elementor elementor-103\" data-elementor-post-type=\"page\">\n\t\t\t\t<div class=\"elementor-element elementor-element-6fadeaf e-con-full bg-full-section-xs e-flex e-con e-parent\" data-id=\"6fadeaf\" data-element_type=\"container\" data-e-type=\"container\" data-settings=\"{&quot;background_background&quot;:&quot;classic&quot;,&quot;background_motion_fx_motion_fx_scrolling&quot;:&quot;yes&quot;,&quot;background_motion_fx_range&quot;:&quot;viewport&quot;,&quot;position&quot;:&quot;fixed&quot;,&quot;background_motion_fx_devices&quot;:[&quot;desktop&quot;,&quot;laptop&quot;,&quot;tablet&quot;,&quot;mobile&quot;]}\">\n\t\t\t\t<\/div>\n\t\t<div class=\"elementor-element elementor-element-496bbbc bg-full-section-xs e-flex e-con-boxed e-con e-parent\" data-id=\"496bbbc\" data-element_type=\"container\" data-e-type=\"container\">\n\t\t\t\t\t<div class=\"e-con-inner\">\n\t\t\t\t<div class=\"elementor-element elementor-element-e33e51e dest-titre1 elementor-widget elementor-widget-heading\" data-id=\"e33e51e\" data-element_type=\"widget\" data-e-type=\"widget\" data-widget_type=\"heading.default\">\n\t\t\t\t<div class=\"elementor-widget-container\">\n\t\t\t\t\t<span class=\"elementor-heading-title elementor-size-default\">La Destination<\/span>\t\t\t\t<\/div>\n\t\t\t\t<\/div>\n\t\t\t\t\t<\/div>\n\t\t\t\t<\/div>\n\t\t<div class=\"elementor-element elementor-element-cc2132c dest-content e-flex e-con-boxed e-con e-parent\" data-id=\"cc2132c\" data-element_type=\"container\" data-e-type=\"container\">\n\t\t\t\t\t<div class=\"e-con-inner\">\n\t\t<div class=\"elementor-element elementor-element-c9f7dbb e-con-full e-flex e-con e-child\" data-id=\"c9f7dbb\" data-element_type=\"container\" data-e-type=\"container\" data-settings=\"{&quot;background_background&quot;:&quot;classic&quot;}\">\n\t\t<div class=\"elementor-element elementor-element-3b15187 e-flex e-con-boxed e-con e-child\" data-id=\"3b15187\" data-element_type=\"container\" data-e-type=\"container\">\n\t\t\t\t\t<div class=\"e-con-inner\">\n\t\t<div class=\"elementor-element elementor-element-e4e3545 e-con-full tablet-100 e-flex e-con e-child\" data-id=\"e4e3545\" data-element_type=\"container\" data-e-type=\"container\">\n\t\t\t\t<div class=\"elementor-element elementor-element-bf9171a elementor-widget elementor-widget-heading\" data-id=\"bf9171a\" data-element_type=\"widget\" data-e-type=\"widget\" data-widget_type=\"heading.default\">\n\t\t\t\t<div class=\"elementor-widget-container\">\n\t\t\t\t\t<div class=\"elementor-heading-title elementor-size-default\">Restaurant sur le port d'Honfleur\u200b<\/div>\t\t\t\t<\/div>\n\t\t\t\t<\/div>\n\t\t\t\t<div class=\"elementor-element elementor-element-29f97e7 elementor-widget elementor-widget-heading\" data-id=\"29f97e7\" data-element_type=\"widget\" data-e-type=\"widget\" data-widget_type=\"heading.default\">\n\t\t\t\t<div class=\"elementor-widget-container\">\n\t\t\t\t\t<h1 class=\"elementor-heading-title elementor-size-default\">Visiter Honfleur<\/h1>\t\t\t\t<\/div>\n\t\t\t\t<\/div>\n\t\t\t\t<div class=\"elementor-element elementor-element-2673ee8 anim-entree elementor-widget elementor-widget-text-editor\" data-id=\"2673ee8\" data-element_type=\"widget\" data-e-type=\"widget\" data-widget_type=\"text-editor.default\">\n\t\t\t\t<div class=\"elementor-widget-container\">\n\t\t\t\t\t\t\t\t\t<p>\u00ab\u00a0Les marins honfleurais ont \u00e9t\u00e9 tr\u00e8s nombreux \u00e0 participer \u00e0 des exp\u00e9ditions corsaires initi\u00e9es par les autres grands ports. Les capitaines de navires passaient dans diff\u00e9rents ports pour recruter leurs \u00e9quipages, jusqu&rsquo;\u00e0 ce qu&rsquo;il soit au complet&#8230;\u00a0\u00bb<\/p>\t\t\t\t\t\t\t\t<\/div>\n\t\t\t\t<\/div>\n\t\t\t\t<\/div>\n\t\t\t\t\t<\/div>\n\t\t\t\t<\/div>\n\t\t\t\t<\/div>\n\t\t\t\t\t<\/div>\n\t\t\t\t<\/div>\n\t\t<div class=\"elementor-element elementor-element-2cd6de9 e-con-full e-flex e-con e-parent\" data-id=\"2cd6de9\" data-element_type=\"container\" data-e-type=\"container\" data-settings=\"{&quot;background_background&quot;:&quot;classic&quot;}\">\n\t\t<div class=\"elementor-element elementor-element-532c2c0 e-con-full right-to-left e-flex e-con e-child\" data-id=\"532c2c0\" data-element_type=\"container\" data-e-type=\"container\" data-settings=\"{&quot;background_background&quot;:&quot;classic&quot;}\">\n\t\t<div class=\"elementor-element elementor-element-0cd96ae e-con-full e-flex e-con e-child\" data-id=\"0cd96ae\" data-element_type=\"container\" data-e-type=\"container\" data-settings=\"{&quot;background_background&quot;:&quot;classic&quot;}\">\n\t\t\t\t<div class=\"elementor-element elementor-element-0f30a0a elementor-widget elementor-widget-heading\" data-id=\"0f30a0a\" data-element_type=\"widget\" data-e-type=\"widget\" data-widget_type=\"heading.default\">\n\t\t\t\t<div class=\"elementor-widget-container\">\n\t\t\t\t\t<h2 class=\"elementor-heading-title elementor-size-default\">Le Vieux Honfleur<\/h2>\t\t\t\t<\/div>\n\t\t\t\t<\/div>\n\t\t\t\t<div class=\"elementor-element elementor-element-dd129db elementor-widget elementor-widget-text-editor\" data-id=\"dd129db\" data-element_type=\"widget\" data-e-type=\"widget\" data-widget_type=\"text-editor.default\">\n\t\t\t\t<div class=\"elementor-widget-container\">\n\t\t\t\t\t\t\t\t\t<p>Situ\u00e9 sur le vieux port, face au quai Sainte-Catherine et \u00e0 la Lieutenance, Le Vieux Honfleur est le plus ancien restaurant de la ville. Place centrale d\u2019Honfleur, son vieux port est un lieu de passage presque obligatoire pour tout visiteur de passage. Sa grande terrasse baign\u00e9e de lumi\u00e8re offre un panorama somptueux sur les bateaux \u00e0 quai, ce qui en fait le restaurant r\u00eav\u00e9 sur le port d\u2019Honfleur.<\/p>\t\t\t\t\t\t\t\t<\/div>\n\t\t\t\t<\/div>\n\t\t\t\t<\/div>\n\t\t\t\t<\/div>\n\t\t\t\t<\/div>\n\t\t<div class=\"elementor-element elementor-element-eaec288 e-con-full e-flex e-con e-parent\" data-id=\"eaec288\" data-element_type=\"container\" data-e-type=\"container\" data-settings=\"{&quot;background_background&quot;:&quot;classic&quot;}\">\n\t\t<div class=\"elementor-element elementor-element-54c65a4 e-con-full left-to-right e-flex e-con e-child\" data-id=\"54c65a4\" data-element_type=\"container\" data-e-type=\"container\" data-settings=\"{&quot;background_background&quot;:&quot;classic&quot;}\">\n\t\t<div class=\"elementor-element elementor-element-e9bd2ca e-con-full e-flex e-con e-child\" data-id=\"e9bd2ca\" data-element_type=\"container\" data-e-type=\"container\" data-settings=\"{&quot;background_background&quot;:&quot;classic&quot;}\">\n\t\t\t\t<div class=\"elementor-element elementor-element-d3178cd elementor-widget elementor-widget-heading\" data-id=\"d3178cd\" data-element_type=\"widget\" data-e-type=\"widget\" data-widget_type=\"heading.default\">\n\t\t\t\t<div class=\"elementor-widget-container\">\n\t\t\t\t\t<h2 class=\"elementor-heading-title elementor-size-default\">Histoire de l\u2019\u00e9tablissement<\/h2>\t\t\t\t<\/div>\n\t\t\t\t<\/div>\n\t\t\t\t<div class=\"elementor-element elementor-element-a0225fc elementor-widget elementor-widget-text-editor\" data-id=\"a0225fc\" data-element_type=\"widget\" data-e-type=\"widget\" data-widget_type=\"text-editor.default\">\n\t\t\t\t<div class=\"elementor-widget-container\">\n\t\t\t\t\t\t\t\t\t<p>Membre de la Collection Saint-Sim\u00e9on depuis 2019, Le Vieux Honfleur est le restaurant du port d\u2019Honfleur \u00e0 ne pas rater. B\u00e2timent historique du Quai Saint-\u00c9tienne, il tr\u00f4ne au milieu du quartier historique de la ville, appel\u00e9 le vieux Honfleur.<\/p><p><br \/>\u00c9difi\u00e9 au XIV\u00e8me si\u00e8cle, Le Vieux Honfleur porte l\u2019h\u00e9ritage d\u2019un savoir-faire traditionnel et joue avec les saveurs normandes. Plus ancienne auberge d\u2019Honfleur, elle \u00e9tait d\u00e9j\u00e0 le lieu de tous les d\u00e9lices avant la Guerre de Cent Ans.<\/p>\t\t\t\t\t\t\t\t<\/div>\n\t\t\t\t<\/div>\n\t\t\t\t<\/div>\n\t\t\t\t<\/div>\n\t\t\t\t<\/div>\n\t\t<div class=\"elementor-element elementor-element-0486d71 e-flex e-con-boxed e-con e-parent\" data-id=\"0486d71\" data-element_type=\"container\" data-e-type=\"container\" data-settings=\"{&quot;background_background&quot;:&quot;classic&quot;}\">\n\t\t\t\t\t<div class=\"e-con-inner\">\n\t\t\t\t<div class=\"elementor-element elementor-element-23b5429 elementor-widget-divider--view-line_text elementor-widget-divider--element-align-right separateur elementor-widget elementor-widget-divider\" data-id=\"23b5429\" data-element_type=\"widget\" data-e-type=\"widget\" data-widget_type=\"divider.default\">\n\t\t\t\t<div class=\"elementor-widget-container\">\n\t\t\t\t\t\t\t<div class=\"elementor-divider\">\n\t\t\t<span class=\"elementor-divider-separator\">\n\t\t\t\t\t\t\t<span class=\"elementor-divider__text elementor-divider__element\">\n\t\t\t\tD\u00e9couvrir\t\t\t\t<\/span>\n\t\t\t\t\t\t<\/span>\n\t\t<\/div>\n\t\t\t\t\t\t<\/div>\n\t\t\t\t<\/div>\n\t\t<div class=\"elementor-element elementor-element-dc3ea5f e-flex e-con-boxed e-con e-child\" data-id=\"dc3ea5f\" data-element_type=\"container\" data-e-type=\"container\" data-settings=\"{&quot;background_background&quot;:&quot;classic&quot;}\">\n\t\t\t\t\t<div class=\"e-con-inner\">\n\t\t\t\t<div class=\"elementor-element elementor-element-267205b elementor-widget elementor-widget-heading\" data-id=\"267205b\" data-element_type=\"widget\" data-e-type=\"widget\" data-widget_type=\"heading.default\">\n\t\t\t\t<div class=\"elementor-widget-container\">\n\t\t\t\t\t<h2 class=\"elementor-heading-title elementor-size-default\">Venir au restaurant<\/h2>\t\t\t\t<\/div>\n\t\t\t\t<\/div>\n\t\t\t\t<div class=\"elementor-element elementor-element-32fb799 elementor-align-left btn-lottie center elementor-widget elementor-widget-lottie\" data-id=\"32fb799\" data-element_type=\"widget\" data-e-type=\"widget\" data-settings=\"{&quot;source_json&quot;:{&quot;url&quot;:&quot;https:\\\/\\\/www.vieuxhonfleur.fr\\\/wp-content\\\/uploads\\\/2023\\\/12\\\/Animation_Lottie_Blanc.json&quot;,&quot;id&quot;:990,&quot;size&quot;:&quot;&quot;,&quot;alt&quot;:&quot;&quot;,&quot;source&quot;:&quot;library&quot;},&quot;caption_source&quot;:&quot;custom&quot;,&quot;caption&quot;:&quot;D\\u00e9couvrir&quot;,&quot;link_to&quot;:&quot;custom&quot;,&quot;trigger&quot;:&quot;on_hover&quot;,&quot;on_hover_out&quot;:&quot;reverse&quot;,&quot;source&quot;:&quot;media_file&quot;,&quot;custom_link&quot;:{&quot;url&quot;:&quot;https:\\\/\\\/www.vieuxhonfleur.fr\\\/en\\\/venir-au-restaurant\\\/&quot;,&quot;is_external&quot;:&quot;&quot;,&quot;nofollow&quot;:&quot;&quot;,&quot;custom_attributes&quot;:&quot;&quot;},&quot;hover_area&quot;:&quot;animation&quot;,&quot;play_speed&quot;:{&quot;unit&quot;:&quot;px&quot;,&quot;size&quot;:1,&quot;sizes&quot;:[]},&quot;start_point&quot;:{&quot;unit&quot;:&quot;%&quot;,&quot;size&quot;:0,&quot;sizes&quot;:[]},&quot;end_point&quot;:{&quot;unit&quot;:&quot;%&quot;,&quot;size&quot;:100,&quot;sizes&quot;:[]},&quot;renderer&quot;:&quot;svg&quot;}\" data-widget_type=\"lottie.default\">\n\t\t\t\t<div class=\"elementor-widget-container\">\n\t\t\t\t\t<a class=\"e-lottie__container__link\" href=\"https:\/\/www.vieuxhonfleur.fr\/en\/venir-au-restaurant\/\"><div class=\"e-lottie__container\"><div class=\"e-lottie__animation\"><\/div><p class=\"e-lottie__caption\"> D\u00e9couvrir<\/p><\/div><\/a>\t\t\t\t<\/div>\n\t\t\t\t<\/div>\n\t\t\t\t\t<\/div>\n\t\t\t\t<\/div>\n\t\t\t\t\t<\/div>\n\t\t\t\t<\/div>\n\t\t\t\t<\/div>\n\t\t","protected":false},"excerpt":{"rendered":"<p>La Destination Restaurant sur le port d&rsquo;Honfleur\u200b Visiter Honfleur \u00ab\u00a0Les marins honfleurais ont \u00e9t\u00e9 tr\u00e8s nombreux \u00e0 participer \u00e0 des exp\u00e9ditions corsaires initi\u00e9es par les autres grands ports. Les capitaines de navires passaient dans diff\u00e9rents ports pour recruter leurs \u00e9quipages, jusqu&rsquo;\u00e0 ce qu&rsquo;il soit au complet&#8230;\u00a0\u00bb Le Vieux Honfleur Situ\u00e9 sur le vieux port, face [&hellip;]<\/p>\n","protected":false},"author":5,"featured_media":0,"parent":0,"menu_order":0,"comment_status":"closed","ping_status":"closed","template":"","meta":{"inline_featured_image":false,"footnotes":""},"class_list":["post-103","page","type-page","status-publish","hentry"],"_links":{"self":[{"href":"https:\/\/www.vieuxhonfleur.fr\/en\/wp-json\/wp\/v2\/pages\/103","targetHints":{"allow":["GET"]}}],"collection":[{"href":"https:\/\/www.vieuxhonfleur.fr\/en\/wp-json\/wp\/v2\/pages"}],"about":[{"href":"https:\/\/www.vieuxhonfleur.fr\/en\/wp-json\/wp\/v2\/types\/page"}],"author":[{"embeddable":true,"href":"https:\/\/www.vieuxhonfleur.fr\/en\/wp-json\/wp\/v2\/users\/5"}],"replies":[{"embeddable":true,"href":"https:\/\/www.vieuxhonfleur.fr\/en\/wp-json\/wp\/v2\/comments?post=103"}],"version-history":[{"count":58,"href":"https:\/\/www.vieuxhonfleur.fr\/en\/wp-json\/wp\/v2\/pages\/103\/revisions"}],"predecessor-version":[{"id":5761,"href":"https:\/\/www.vieuxhonfleur.fr\/en\/wp-json\/wp\/v2\/pages\/103\/revisions\/5761"}],"wp:attachment":[{"href":"https:\/\/www.vieuxhonfleur.fr\/en\/wp-json\/wp\/v2\/media?parent=103"}],"curies":[{"name":"wp","href":"https:\/\/api.w.org\/{rel}","templated":true}]}}